{"id":54629,"date":"2025-02-26T21:45:46","date_gmt":"2025-02-26T20:45:46","guid":{"rendered":"http:\/\/www.grayhoundocd.com\/?page_id=54629"},"modified":"2025-03-05T21:10:08","modified_gmt":"2025-03-05T20:10:08","slug":"about","status":"publish","type":"page","link":"https:\/\/www.grayhoundocd.com\/?page_id=54629","title":{"rendered":"ABOUT"},"content":{"rendered":"\n<p><strong>[ English version down below ]<\/strong><\/p>\n\n\n\n<p class=\"has-white-color has-black-background-color has-text-color has-background has-link-color wp-elements-0fdead0e624630edf531a95c7b0d49c0\">Grayhound O.C.D. ist eine Rockband aus Bensheim\/S\u00fcdhessen, die 2010 von S\u00e4nger und Songwriter Michael \u201eGray\u201c Deichert gegr\u00fcndet wurde. Was als Studioprojekt zwischen Deichert und Produzent Rolf Munkes (Tony Martin Band\/Crematory) begann, entwickelte sich zu einer Band mit wechselnder Besetzung.<\/p>\n\n\n\n<p class=\"has-white-color has-black-background-color has-text-color has-background has-link-color wp-elements-93759361eae10ae161a5334ea68ce6a2\">Die Band verbindet emotionalen Alternative Rock mit hymnischem Power Pop. Tolle Melodien mischen sich mit einer charismatischen und gef\u00fchlvollen Stimme. Die Songs der Band beinhalten oft spirituelle und philosophische Themen wie zum Beispiel in \u201eLove From Outta Space\u201c, \u201eAlone\u201c oder \u201eChasing Your Shadow\u201c.<\/p>\n\n\n\n<p class=\"has-white-color has-black-background-color has-text-color has-background has-link-color wp-elements-39f911d7b57bedd9f24ecc68dc0ef2d8\">Anfang der 2010er Jahre machte Grayhound O.C.D. in der deutschen Musikszene auf sich aufmerksam, bekam Radio-Airplay und war auch mehrmals im Fernsehen zu sehen. Zwischen 2012 und 2015 arbeiteten sie mit Deuce Management und Promotion aus London zusammen, was ihnen international viele T\u00fcren \u00f6ffnete. Die Band erregte weltweit Aufmerksamkeit und wurde f\u00fcr ihren Song \u201eWhere My Heart Has Its Home\u201c sogar f\u00fcr die \u201eHollywood Music in Media Awards\u201c 2013 in den USA nominiert. Der Song wurde im selben Jahr auch beim \u201eDeutschen Rock und Pop Preis\u201c ausgezeichnet. Es folgten diverse Live-Auftritte.<\/p>\n\n\n\n<p class=\"has-white-color has-black-background-color has-text-color has-background has-link-color wp-elements-84b8f4be54fcf3d83f8bd4e60922c11a\">2016 ver\u00f6ffentlichte Grayhound O.C.D. die Single \u201eOpen Eyes\u201c und das Album \u201eAcoustic Songs\u201c \u00fcber Handmade Tunes\/KHB Music. Nach der Promotion f\u00fcr das Album nahmen sich Grayhound O.C.D. eine Pause von der Musikindustrie, sind nun aber bereit f\u00fcr ein Comeback.<\/p>\n\n\n\n<hr class=\"wp-block-separator has-alpha-channel-opacity is-style-wide\"\/>\n\n\n\n<p><strong>[ English version ]<\/strong><\/p>\n\n\n\n<p class=\"has-white-color has-black-background-color has-text-color has-background has-link-color wp-elements-4c3fa8d800ea28d93c9400495a47fd41\">Grayhound O.C.D. is a Rockband from Bensheim, Germany, which was founded in 2010 by singer and songwriter Michael \u201cGray\u201c Deichert. It started as a studio project between Deichert and producer Rolf Munkes (Tony Martin Band\/Crematory), but turned into a band with changing line up.<\/p>\n\n\n\n<p class=\"has-white-color has-black-background-color has-text-color has-background has-link-color wp-elements-53c9c0ee68f575ed4a5da45fdca57b14\">The band combines emotional Alternative Rock with hymnic Power Pop. Great melodies mix up with a charismatic and soulful voice. The band\u2019s songs often contain spiritual and philosophic topics such as in \u201cLove From Outta Space\u201c, \u201cAlone\u201c or \u201cChasing Your Shadow\u201c.<\/p>\n\n\n\n<p class=\"has-white-color has-black-background-color has-text-color has-background has-link-color wp-elements-18d396aa98e99a7232135b82c394b9a5\">In the early 2010\u2019s Grayhound O.C.D. made huge inroads in the German music scene, got radio airplay and was also seen on TV several times. Between 2012 and 2015 they worked together with Deuce Management and Promotion from London, which opened a lot of doors internationally. The band got attention around the globe and was even nominated for the 2013 \u201cHollywood Music in Media Awards\u201c in the US for their song \u201cWhere My Heart Has Its Home\u201c. The song also got an award at the \u201eGerman Rock und Pop Preis\u201c in the same year. Several gigs followed.<\/p>\n\n\n\n<p class=\"has-white-color has-black-background-color has-text-color has-background has-link-color wp-elements-35f098cd1fc19a41a5727b70401e9485\">In 2016 Grayhound O.C.D. released the single \u201cOpen Eyes\u201c and the album \u201cAcoustic Songs\u201c via Handmade Tunes\/KHB Music. After the promotion for the album, Deichert took a hiatus from the music industry, but is ready to return in 2025.<\/p>\n\n\n\n<p class=\"has-white-color has-black-background-color has-text-color has-background has-link-color wp-elements-49f7d8c182df9ca4250fb72d12f0f5b5\">Several gigs and acoustic shows are getting planned.<\/p>\n\n\n\n<p class=\"has-white-color has-black-background-color has-text-color has-background has-link-color wp-elements-d1bb807b67da150cff77d4d77eb583df\">Video Promo:<br>&#8211;&gt; <a href=\"https:\/\/youtu.be\/NRxERN2DvtE\">https:\/\/youtu.be\/NRxERN2DvtE<\/a><\/p>\n\n\n\n<p class=\"has-white-color has-black-background-color has-text-color has-background has-link-color wp-elements-df0442adf30c72b7819b4c33f7b4744a\">Website &amp; Socials:<br>&#8211;&gt; <a href=\"http:\/\/www.grayhoundocd.com\">www.grayhoundocd.com<\/a><br>&#8211;&gt; <a href=\"https:\/\/www.facebook.com\/grayhoundocd\/\">Facebook<\/a><\/p>\n\n\n\n<p class=\"has-white-color has-black-background-color has-text-color has-background has-link-color wp-elements-ea9932384362ef4f0efbd40855318353\">Contact:<br>Michael \u201cGray\u201c Deichert<br>+49-163-8797227<br>grayhoundocd (at) googlemail.com<\/p>\n\n\n\n<hr class=\"wp-block-separator has-alpha-channel-opacity is-style-wide\"\/>\n","protected":false},"excerpt":{"rendered":"<p>[ English version down below ] Grayhound O.C.D. ist eine Rockband aus Bensheim\/S\u00fcdhessen, die 2010 von S\u00e4nger und Songwriter Michael \u201eGray\u201c Deichert gegr\u00fcndet wurde. Was als Studioprojekt zwischen Deichert und Produzent Rolf Munkes (Tony Martin Band\/Crematory) begann, entwickelte sich zu einer Band mit wechselnder Besetzung. Die Band verbindet emotionalen Alternative Rock mit hymnischem Power Pop. [&hellip;]<\/p>\n","protected":false},"author":2,"featured_media":0,"parent":0,"menu_order":20,"comment_status":"closed","ping_status":"closed","template":"","meta":{"_seopress_robots_primary_cat":"","_seopress_titles_title":"About - GRAYHOUND O.C.D. | Official Website","_seopress_titles_desc":"Emotionaler Alternative Rock mit hymnischem Power Pop. Tolle Melodien mischen sich mit einer charismatischen und gef\u00fchlvollen Stimme.","_seopress_robots_index":"","footnotes":""},"class_list":["post-54629","page","type-page","status-publish","czr-hentry"],"_links":{"self":[{"href":"https:\/\/www.grayhoundocd.com\/index.php?rest_route=\/wp\/v2\/pages\/54629","targetHints":{"allow":["GET"]}}],"collection":[{"href":"https:\/\/www.grayhoundocd.com\/index.php?rest_route=\/wp\/v2\/pages"}],"about":[{"href":"https:\/\/www.grayhoundocd.com\/index.php?rest_route=\/wp\/v2\/types\/page"}],"author":[{"embeddable":true,"href":"https:\/\/www.grayhoundocd.com\/index.php?rest_route=\/wp\/v2\/users\/2"}],"replies":[{"embeddable":true,"href":"https:\/\/www.grayhoundocd.com\/index.php?rest_route=%2Fwp%2Fv2%2Fcomments&post=54629"}],"version-history":[{"count":17,"href":"https:\/\/www.grayhoundocd.com\/index.php?rest_route=\/wp\/v2\/pages\/54629\/revisions"}],"predecessor-version":[{"id":54739,"href":"https:\/\/www.grayhoundocd.com\/index.php?rest_route=\/wp\/v2\/pages\/54629\/revisions\/54739"}],"wp:attachment":[{"href":"https:\/\/www.grayhoundocd.com\/index.php?rest_route=%2Fwp%2Fv2%2Fmedia&parent=54629"}],"curies":[{"name":"wp","href":"https:\/\/api.w.org\/{rel}","templated":true}]}}