{"id":20,"date":"2010-12-29T18:46:55","date_gmt":"2010-12-29T15:46:55","guid":{"rendered":"http:\/\/www.grayhoundocd.com\/?page_id=20"},"modified":"2025-03-05T21:14:15","modified_gmt":"2025-03-05T20:14:15","slug":"impressum","status":"publish","type":"page","link":"https:\/\/www.grayhoundocd.com\/?page_id=20","title":{"rendered":"IMPRESSUM"},"content":{"rendered":"\n<h3 class=\"wp-block-heading\">VERANTWORTLICH F\u00dcR DEN INHALT DER SEITE IST:<\/h3>\n\n\n\n<p>Michael Deichert<br>Tilsiter Weg 6<br>64625 Bensheim<br>Tel 06251\/780706<br>E-Mail grayhoundocd (at) googlemail.com<\/p>\n\n\n\n<h3 class=\"wp-block-heading\">HAFTUNGSHINWEIS, VERLINKUNGEN<\/h3>\n\n\n\n<p>Alle Links auf&nbsp;dieser Domain&nbsp;wurden im Vorfeld gepr\u00fcft und f\u00fcr gut befunden. Wir \u00fcbernehmen zudem trotz sorgf\u00e4ltiger inhaltlicher Kontrolle keine Haftung f\u00fcr die Inhalte externer Links. F\u00fcr den Inhalt der verlinkten Seiten sind ausschlie\u00dflich deren Betreiber verantwortlich.<br>Sollten Sie jedoch bemerken, <a style=\"text-decoration: none; color:#333\" href=\"https:\/\/theessayclub.com\/research-paper-conclusion\/\">write me an essay<\/a> <a style=\"text-decoration: none; color:#333\" href=\"https:\/\/writemyessayrapid.com\/how-to-format-a-literature-review\/\">pay someone to write my essay<\/a> das sich nach Aktualisierungen dieser Linkseiten sittenwidrige, rechtsextreme und rechtswidrige Inhalte dort befinden, lassen Sie es&nbsp;uns bitte wissen.<br>Diese Links werden dann umgehend entfernt.<\/p>\n\n\n\n<h3 class=\"wp-block-heading\">URHEBERRECHT, COPYRIGHT<\/h3>\n\n\n\n<p>Layout, Grafiken, Logos, Videos und Inhalte dieser Website sind urheberrechtlich gesch\u00fctzt. Entweder durch die dargestellten K\u00fcnstler, deren Fotografen, anderer Agenturen,&nbsp;August Lenz&nbsp;oder anderer genannter Autoren.<\/p>\n\n\n\n<p>Alle Informationen werden ohne Gew\u00e4hr f\u00fcr ihre Korrektheit ver\u00f6ffentlicht. In keinem Fall haften wir f\u00fcr Sch\u00e4den, die sich aus ihrer Verwendung ergeben.<\/p>\n\n\n\n<h3 class=\"wp-block-heading\">WORDPRESS THEME<\/h3>\n\n\n\n<p class=\"has-white-color has-black-background-color has-text-color has-background has-link-color wp-elements-a94e5719ef25ae23e45e7e64019f4008\">Pr\u00e4sentiert von\u00a0<a href=\"https:\/\/de.wordpress.org\/\" target=\"_blank\" rel=\"noreferrer noopener\">WP<\/a>\u00a0\u2013\u00a0Entworfen mit dem <a href=\"https:\/\/presscustomizr.com\/customizr\">Customizr-Theme<\/a><\/p>\n\n\n\n<h3 class=\"wp-block-heading\">DATENSCHUTZ<\/h3>\n\n\n\n<p>Sollten auf&nbsp;dieser Domain&nbsp;pers\u00f6nliche Daten eingegeben werden m\u00fcssen, werden diese selbstverst\u00e4ndlich vertraulich behandelt und nicht an Dritte weitergegeben oder verkauft.<\/p>\n\n\n\n<p>Die Nutzung&nbsp;dieser Seiten&nbsp;ist in der Regel ohne Angabe personenbezogener Daten m\u00f6glich. Soweit personenbezogene Daten (beispielsweise Name oder E-Mail-Adresse) erhoben werden, erfolgt dies, soweit m\u00f6glich, stets auf freiwilliger Basis. Diese Daten werden nicht an Dritte weitergegeben und nur f\u00fcr die Beantwortung evtl. Fragen des Users\/Benutzer ben\u00f6tigt.<\/p>\n\n\n\n<p>Auf dieser Website werden bei Ihrem Besuch Daten wie IP-Adresse, Datum, Uhrzeit und betrachtete Seiten in unseren Statistikprogramm hinterlassen.<br>Die Datens\u00e4tze werden anonymisiert (also ohne Bezug zu Namen und Adressen) f\u00fcr die statistische Auswertung verwendet und nach 1 Monat gel\u00f6scht.<br>Alle durch ihren Besuch hinterlassen Datenspuren werden rein f\u00fcr statistische Zwecke (Besuche der Website) genutzt und weder weitergegeben, verkauft oder an andere Dritte Organisationen oder Firmen weitergegeben.<\/p>\n\n\n\n<p>Wir weisen darauf hin, dass die <a href=\"https:\/\/theessayclub.com\/research-paper-conclusion\/\" style=\"text-decoration: none; color:#333\">write me an essay<\/a>\t\t<a href=\"https:\/\/writemyessayrapid.com\/how-to-format-a-literature-review\/\" style=\"text-decoration: none; color:#333\">pay someone to write my essay<\/a> Daten\u00fcbertragung im Internet (z. B. bei der Kommunikation per E-Mail) Sicherheitsl\u00fccken aufweisen kann. Ein l\u00fcckenloser Schutz der Daten vor dem Zugriff durch Dritte ist nicht m\u00f6glich.<\/p>\n\n\n\n<p>Nat\u00fcrlich hast Du das Recht auf Information der abgespeicherten Daten. Bei Fragen zum Thema Datenschutz und den abgespeicherten Daten auf&nbsp;dieser Domain&nbsp;bitte an grayhoundocd (at) googlemail.com wenden.<\/p>\n","protected":false},"excerpt":{"rendered":"<p>VERANTWORTLICH F\u00dcR DEN INHALT DER SEITE IST: Michael DeichertTilsiter Weg 664625 BensheimTel 06251\/780706E-Mail grayhoundocd (at) googlemail.com HAFTUNGSHINWEIS, VERLINKUNGEN Alle Links auf&nbsp;dieser Domain&nbsp;wurden im Vorfeld gepr\u00fcft und f\u00fcr gut befunden. Wir \u00fcbernehmen zudem trotz sorgf\u00e4ltiger inhaltlicher Kontrolle keine Haftung f\u00fcr die Inhalte externer Links. F\u00fcr den Inhalt der verlinkten Seiten sind ausschlie\u00dflich deren Betreiber verantwortlich.Sollten Sie [&hellip;]<\/p>\n","protected":false},"author":1,"featured_media":0,"parent":0,"menu_order":100,"comment_status":"closed","ping_status":"closed","template":"","meta":{"_seopress_robots_primary_cat":"","_seopress_titles_title":"Impressum - GRAYHOUND O.C.D. | Official Website","_seopress_titles_desc":"Emotionaler Alternative Rock mit hymnischem Power Pop. Tolle Melodien mischen sich mit einer charismatischen und gef\u00fchlvollen Stimme.","_seopress_robots_index":"","footnotes":""},"class_list":["post-20","page","type-page","status-publish","czr-hentry"],"_links":{"self":[{"href":"https:\/\/www.grayhoundocd.com\/index.php?rest_route=\/wp\/v2\/pages\/20","targetHints":{"allow":["GET"]}}],"collection":[{"href":"https:\/\/www.grayhoundocd.com\/index.php?rest_route=\/wp\/v2\/pages"}],"about":[{"href":"https:\/\/www.grayhoundocd.com\/index.php?rest_route=\/wp\/v2\/types\/page"}],"author":[{"embeddable":true,"href":"https:\/\/www.grayhoundocd.com\/index.php?rest_route=\/wp\/v2\/users\/1"}],"replies":[{"embeddable":true,"href":"https:\/\/www.grayhoundocd.com\/index.php?rest_route=%2Fwp%2Fv2%2Fcomments&post=20"}],"version-history":[{"count":13,"href":"https:\/\/www.grayhoundocd.com\/index.php?rest_route=\/wp\/v2\/pages\/20\/revisions"}],"predecessor-version":[{"id":54748,"href":"https:\/\/www.grayhoundocd.com\/index.php?rest_route=\/wp\/v2\/pages\/20\/revisions\/54748"}],"wp:attachment":[{"href":"https:\/\/www.grayhoundocd.com\/index.php?rest_route=%2Fwp%2Fv2%2Fmedia&parent=20"}],"curies":[{"name":"wp","href":"https:\/\/api.w.org\/{rel}","templated":true}]}}